{"id":119,"date":"2025-02-15T18:47:18","date_gmt":"2025-02-15T17:47:18","guid":{"rendered":"https:\/\/sargassumdefenseconsulting.com\/?page_id=119"},"modified":"2025-07-06T18:17:59","modified_gmt":"2025-07-06T16:17:59","slug":"contact","status":"publish","type":"page","link":"https:\/\/sargassumdefenseconsulting.com\/fr\/contact\/","title":{"rendered":"Contact"},"content":{"rendered":"<div class=\"wp-block-uagb-container uagb-block-17767a7e alignfull uagb-is-root-container\"><div class=\"uagb-container-inner-blocks-wrap\">\n<div class=\"wp-block-uagb-container uagb-block-7d2c9445\">\n<figure class=\"wp-block-image size-full is-resized has-custom-border\"><img loading=\"lazy\" decoding=\"async\" width=\"580\" height=\"460\" src=\"https:\/\/sargassumdefenseconsulting.com\/wp-content\/uploads\/2025\/02\/sdc-logo-couleur-1.webp\" alt=\"Contact us - Sargassum Defense Consulting\" class=\"wp-image-121\" style=\"border-style:none;border-width:0px;border-radius:0px;box-shadow:none;width:257px;height:auto\" srcset=\"https:\/\/sargassumdefenseconsulting.com\/wp-content\/uploads\/2025\/02\/sdc-logo-couleur-1.webp 580w, https:\/\/sargassumdefenseconsulting.com\/wp-content\/uploads\/2025\/02\/sdc-logo-couleur-1-300x238.webp 300w\" sizes=\"auto, (max-width: 580px) 100vw, 580px\" \/><\/figure>\n\n\n\n<h2 class=\"wp-block-heading\">Contactez nous<\/h2>\n\n\n\n<p style=\"margin-top:0;margin-bottom:0\">Pour plus d'informations, veuillez nous contacter via notre formulaire de contact.<\/p>\n\n\n\n<p style=\"margin-top:0;margin-bottom:0\">Nous vous r\u00e9pondrons d\u00e8s que possible.<\/p>\n<\/div>\n\n\n\n<div class=\"wp-block-uagb-container uagb-block-ce3b6a80\">\n<div class=\"wpcf7 no-js\" id=\"wpcf7-f172-o1\" lang=\"fr-FR\" dir=\"ltr\" data-wpcf7-id=\"172\">\n<div class=\"screen-reader-response\"><p role=\"status\" aria-live=\"polite\" aria-atomic=\"true\"><\/p> <ul><\/ul><\/div>\n<form action=\"\/fr\/wp-json\/wp\/v2\/pages\/119#wpcf7-f172-o1\" method=\"post\" class=\"wpcf7-form init\" aria-label=\"Formulaire de contact\" novalidate=\"novalidate\" data-status=\"init\" data-trp-original-action=\"\/fr\/wp-json\/wp\/v2\/pages\/119#wpcf7-f172-o1\">\n<fieldset class=\"hidden-fields-container\"><input type=\"hidden\" name=\"_wpcf7\" value=\"172\" \/><input type=\"hidden\" name=\"_wpcf7_version\" value=\"6.1.5\" \/><input type=\"hidden\" name=\"_wpcf7_locale\" value=\"fr_FR\" \/><input type=\"hidden\" name=\"_wpcf7_unit_tag\" value=\"wpcf7-f172-o1\" \/><input type=\"hidden\" name=\"_wpcf7_container_post\" value=\"0\" \/><input type=\"hidden\" name=\"_wpcf7_posted_data_hash\" value=\"\" \/>\n<\/fieldset>\n<p><label> Votre nom (obligatoire)<br \/>\n<span class=\"wpcf7-form-control-wrap\" data-name=\"your-name\"><input size=\"40\" maxlength=\"400\" class=\"wpcf7-form-control wpcf7-text wpcf7-validates-as-required\" autocomplete=\"name\" aria-required=\"true\" aria-invalid=\"false\" placeholder=\"Jean Dupont\" value=\"\" type=\"text\" name=\"your-name\" \/><\/span> <\/label>\n<\/p>\n<p><label> Votre email (obligatoire)<br \/>\n<span class=\"wpcf7-form-control-wrap\" data-name=\"your-email\"><input size=\"40\" maxlength=\"400\" class=\"wpcf7-form-control wpcf7-email wpcf7-validates-as-required wpcf7-text wpcf7-validates-as-email\" autocomplete=\"email\" aria-required=\"true\" aria-invalid=\"false\" placeholder=\"exemple@mail.com\" value=\"\" type=\"email\" name=\"your-email\" \/><\/span> <\/label>\n<\/p>\n<p><label> Entrez votre message<br \/>\n<span class=\"wpcf7-form-control-wrap\" data-name=\"your-message\"><textarea cols=\"40\" rows=\"10\" maxlength=\"2000\" class=\"wpcf7-form-control wpcf7-textarea wpcf7-validates-as-required\" aria-required=\"true\" aria-invalid=\"false\" name=\"your-message\"><\/textarea><\/span> <\/label><br \/>\n<span class=\"wpcf7-form-control-wrap\" data-name=\"quiz-763\"><label><span class=\"wpcf7-quiz-label\">Please answer the question: The capital of France?<\/span> <input size=\"40\" class=\"wpcf7-form-control wpcf7-quiz\" autocomplete=\"off\" aria-required=\"true\" aria-invalid=\"false\" type=\"text\" name=\"quiz-763\" \/><\/label><input type=\"hidden\" name=\"_wpcf7_quiz_answer_quiz-763\" value=\"a528380db63fa4f1c4accfed154d6b6d\" \/><\/span>\n<\/p>\n<p><span class=\"wpcf7-form-control-wrap\" data-name=\"Conditions\"><span class=\"wpcf7-form-control wpcf7-acceptance\"><span class=\"wpcf7-list-item\"><label><input type=\"checkbox\" name=\"Conditions\" value=\"1\" aria-invalid=\"false\" \/><span class=\"wpcf7-list-item-label\">J'accepte que mes donn\u00e9es soient conserv\u00e9es \u00e0 l'enregistrement. <a href=\"https:\/\/sargassumdefenseconsulting.com\/fr\/privacy-policy\/\" target=\"_blank\" rel=\"noreferrer noopener\">Conditions d'utilisation<\/a><\/span><\/label><\/span><\/span><\/span>\n<\/p>\n<p><input class=\"wpcf7-form-control wpcf7-submit has-spinner\" type=\"submit\" value=\"Envoyez votre message\" \/>\n<\/p><div class=\"wpcf7-response-output\" aria-hidden=\"true\"><\/div>\n<input type=\"hidden\" name=\"trp-form-language\" value=\"fr\"\/><\/form>\n<\/div>\n\n<\/div>\n<\/div><\/div>\n\n\n\n<div class=\"wp-block-uagb-container uagb-block-ee75732a alignfull uagb-is-root-container\"><div class=\"uagb-container-inner-blocks-wrap\">\n<p class=\"has-link-color wp-elements-5e3483082aa58bad8f33e262c57c57cd\">We offer unbiased expertise to guide you toward the most efficient, sustainable, and cost-effective <a href=\"https:\/\/sargassumdefenseconsulting.com\/fr\/sargassum-seaweed-harvesting-boat\/\">protection strategies<\/a>.<\/p>\n<\/div><\/div>\n\n\n\n<p><\/p>","protected":false},"excerpt":{"rendered":"<p>Contact us For further information, please contact us via our contact form. We&#8217;ll get back to you as soon as possible. We offer unbiased expertise to guide you toward the most efficient, sustainable, and cost-effective protection strategies.<\/p>","protected":false},"author":1,"featured_media":0,"parent":0,"menu_order":0,"comment_status":"closed","ping_status":"closed","template":"","meta":{"_uag_custom_page_level_css":"","site-sidebar-layout":"default","site-content-layout":"","ast-site-content-layout":"","site-content-style":"default","site-sidebar-style":"default","ast-global-header-display":"","ast-banner-title-visibility":"","ast-main-header-display":"","ast-hfb-above-header-display":"","ast-hfb-below-header-display":"","ast-hfb-mobile-header-display":"","site-post-title":"disabled","ast-breadcrumbs-content":"","ast-featured-img":"","footer-sml-layout":"","theme-transparent-header-meta":"","adv-header-id-meta":"","stick-header-meta":"","header-above-stick-meta":"","header-main-stick-meta":"","header-below-stick-meta":"","astra-migrate-meta-layouts":"default","ast-page-background-enabled":"default","ast-page-background-meta":{"desktop":{"background-color":"var(--ast-global-color-5)","background-image":"","background-repeat":"repeat","background-position":"center center","background-size":"auto","background-attachment":"scroll","background-type":"","background-media":"","overlay-type":"","overlay-color":"","overlay-opacity":"","overlay-gradient":""},"tablet":{"background-color":"","background-image":"","background-repeat":"repeat","background-position":"center center","background-size":"auto","background-attachment":"scroll","background-type":"","background-media":"","overlay-type":"","overlay-color":"","overlay-opacity":"","overlay-gradient":""},"mobile":{"background-color":"","background-image":"","background-repeat":"repeat","background-position":"center center","background-size":"auto","background-attachment":"scroll","background-type":"","background-media":"","overlay-type":"","overlay-color":"","overlay-opacity":"","overlay-gradient":""}},"ast-content-background-meta":{"desktop":{"background-color":"var(--ast-global-color-4)","background-image":"","background-repeat":"repeat","background-position":"center center","background-size":"auto","background-attachment":"scroll","background-type":"","background-media":"","overlay-type":"","overlay-color":"","overlay-opacity":"","overlay-gradient":""},"tablet":{"background-color":"var(--ast-global-color-4)","background-image":"","background-repeat":"repeat","background-position":"center center","background-size":"auto","background-attachment":"scroll","background-type":"","background-media":"","overlay-type":"","overlay-color":"","overlay-opacity":"","overlay-gradient":""},"mobile":{"background-color":"var(--ast-global-color-4)","background-image":"","background-repeat":"repeat","background-position":"center center","background-size":"auto","background-attachment":"scroll","background-type":"","background-media":"","overlay-type":"","overlay-color":"","overlay-opacity":"","overlay-gradient":""}},"footnotes":""},"class_list":["post-119","page","type-page","status-publish","hentry"],"yoast_head":"<!-- This site is optimized with the Yoast SEO plugin v27.1.1 - https:\/\/yoast.com\/product\/yoast-seo-wordpress\/ -->\n<title>Contact us - Sargassum Defense Consulting<\/title>\n<meta name=\"description\" content=\"For further information, please contact us via our contact form.We&#039;ll get back to you as soon as possible.\" \/>\n<meta name=\"robots\" content=\"index, follow, max-snippet:-1, max-image-preview:large, max-video-preview:-1\" \/>\n<link rel=\"canonical\" href=\"https:\/\/sargassumdefenseconsulting.com\/fr\/contact\/\" \/>\n<meta property=\"og:locale\" content=\"fr_FR\" \/>\n<meta property=\"og:type\" content=\"article\" \/>\n<meta property=\"og:title\" content=\"Contact us - Sargassum Defense Consulting\" \/>\n<meta property=\"og:description\" content=\"For further information, please contact us via our contact form.We&#039;ll get back to you as soon as possible.\" \/>\n<meta property=\"og:url\" content=\"https:\/\/sargassumdefenseconsulting.com\/fr\/contact\/\" \/>\n<meta property=\"og:site_name\" content=\"Sargassum Defense Consulting\" \/>\n<meta property=\"article:modified_time\" content=\"2025-07-06T16:17:59+00:00\" \/>\n<meta property=\"og:image\" content=\"https:\/\/sargassumdefenseconsulting.com\/wp-content\/uploads\/2025\/02\/sdc-logo-couleur-1.webp\" \/>\n\t<meta property=\"og:image:width\" content=\"580\" \/>\n\t<meta property=\"og:image:height\" content=\"460\" \/>\n\t<meta property=\"og:image:type\" content=\"image\/webp\" \/>\n<meta name=\"twitter:card\" content=\"summary_large_image\" \/>\n<meta name=\"twitter:label1\" content=\"Dur\u00e9e de lecture estim\u00e9e\" \/>\n\t<meta name=\"twitter:data1\" content=\"1 minute\" \/>\n<script type=\"application\/ld+json\" class=\"yoast-schema-graph\">{\"@context\":\"https:\/\/schema.org\",\"@graph\":[{\"@type\":\"WebPage\",\"@id\":\"https:\/\/sargassumdefenseconsulting.com\/contact\/\",\"url\":\"https:\/\/sargassumdefenseconsulting.com\/contact\/\",\"name\":\"Contact us - Sargassum Defense Consulting\",\"isPartOf\":{\"@id\":\"https:\/\/sargassumdefenseconsulting.com\/#website\"},\"primaryImageOfPage\":{\"@id\":\"https:\/\/sargassumdefenseconsulting.com\/contact\/#primaryimage\"},\"image\":{\"@id\":\"https:\/\/sargassumdefenseconsulting.com\/contact\/#primaryimage\"},\"thumbnailUrl\":\"https:\/\/sargassumdefenseconsulting.com\/wp-content\/uploads\/2025\/02\/sdc-logo-couleur-1.webp\",\"datePublished\":\"2025-02-15T17:47:18+00:00\",\"dateModified\":\"2025-07-06T16:17:59+00:00\",\"description\":\"For further information, please contact us via our contact form.We'll get back to you as soon as possible.\",\"breadcrumb\":{\"@id\":\"https:\/\/sargassumdefenseconsulting.com\/contact\/#breadcrumb\"},\"inLanguage\":\"fr-FR\",\"potentialAction\":[{\"@type\":\"ReadAction\",\"target\":[\"https:\/\/sargassumdefenseconsulting.com\/contact\/\"]}]},{\"@type\":\"ImageObject\",\"inLanguage\":\"fr-FR\",\"@id\":\"https:\/\/sargassumdefenseconsulting.com\/contact\/#primaryimage\",\"url\":\"https:\/\/sargassumdefenseconsulting.com\/wp-content\/uploads\/2025\/02\/sdc-logo-couleur-1.webp\",\"contentUrl\":\"https:\/\/sargassumdefenseconsulting.com\/wp-content\/uploads\/2025\/02\/sdc-logo-couleur-1.webp\"},{\"@type\":\"BreadcrumbList\",\"@id\":\"https:\/\/sargassumdefenseconsulting.com\/contact\/#breadcrumb\",\"itemListElement\":[{\"@type\":\"ListItem\",\"position\":1,\"name\":\"Accueil\",\"item\":\"https:\/\/sargassumdefenseconsulting.com\/\"},{\"@type\":\"ListItem\",\"position\":2,\"name\":\"Contact\"}]},{\"@type\":\"WebSite\",\"@id\":\"https:\/\/sargassumdefenseconsulting.com\/#website\",\"url\":\"https:\/\/sargassumdefenseconsulting.com\/\",\"name\":\"Sargassum Defense Consulting\",\"description\":\"\",\"publisher\":{\"@id\":\"https:\/\/sargassumdefenseconsulting.com\/#organization\"},\"potentialAction\":[{\"@type\":\"SearchAction\",\"target\":{\"@type\":\"EntryPoint\",\"urlTemplate\":\"https:\/\/sargassumdefenseconsulting.com\/?s={search_term_string}\"},\"query-input\":{\"@type\":\"PropertyValueSpecification\",\"valueRequired\":true,\"valueName\":\"search_term_string\"}}],\"inLanguage\":\"fr-FR\"},{\"@type\":\"Organization\",\"@id\":\"https:\/\/sargassumdefenseconsulting.com\/#organization\",\"name\":\"Sargassum Defense Consulting\",\"url\":\"https:\/\/sargassumdefenseconsulting.com\/\",\"logo\":{\"@type\":\"ImageObject\",\"inLanguage\":\"fr-FR\",\"@id\":\"https:\/\/sargassumdefenseconsulting.com\/#\/schema\/logo\/image\/\",\"url\":\"https:\/\/sargassumdefenseconsulting.com\/wp-content\/uploads\/2025\/02\/cropped-sdc-logo-couleur-1.webp\",\"contentUrl\":\"https:\/\/sargassumdefenseconsulting.com\/wp-content\/uploads\/2025\/02\/cropped-sdc-logo-couleur-1.webp\",\"width\":580,\"height\":459,\"caption\":\"Sargassum Defense Consulting\"},\"image\":{\"@id\":\"https:\/\/sargassumdefenseconsulting.com\/#\/schema\/logo\/image\/\"}}]}<\/script>\n<!-- \/ Yoast SEO plugin. -->","yoast_head_json":{"title":"Contact us - Sargassum Defense Consulting","description":"For further information, please contact us via our contact form.We'll get back to you as soon as possible.","robots":{"index":"index","follow":"follow","max-snippet":"max-snippet:-1","max-image-preview":"max-image-preview:large","max-video-preview":"max-video-preview:-1"},"canonical":"https:\/\/sargassumdefenseconsulting.com\/fr\/contact\/","og_locale":"fr_FR","og_type":"article","og_title":"Contact us - Sargassum Defense Consulting","og_description":"For further information, please contact us via our contact form.We'll get back to you as soon as possible.","og_url":"https:\/\/sargassumdefenseconsulting.com\/fr\/contact\/","og_site_name":"Sargassum Defense Consulting","article_modified_time":"2025-07-06T16:17:59+00:00","og_image":[{"width":580,"height":460,"url":"https:\/\/sargassumdefenseconsulting.com\/wp-content\/uploads\/2025\/02\/sdc-logo-couleur-1.webp","type":"image\/webp"}],"twitter_card":"summary_large_image","twitter_misc":{"Dur\u00e9e de lecture estim\u00e9e":"1 minute"},"schema":{"@context":"https:\/\/schema.org","@graph":[{"@type":"WebPage","@id":"https:\/\/sargassumdefenseconsulting.com\/contact\/","url":"https:\/\/sargassumdefenseconsulting.com\/contact\/","name":"Contact us - Sargassum Defense Consulting","isPartOf":{"@id":"https:\/\/sargassumdefenseconsulting.com\/#website"},"primaryImageOfPage":{"@id":"https:\/\/sargassumdefenseconsulting.com\/contact\/#primaryimage"},"image":{"@id":"https:\/\/sargassumdefenseconsulting.com\/contact\/#primaryimage"},"thumbnailUrl":"https:\/\/sargassumdefenseconsulting.com\/wp-content\/uploads\/2025\/02\/sdc-logo-couleur-1.webp","datePublished":"2025-02-15T17:47:18+00:00","dateModified":"2025-07-06T16:17:59+00:00","description":"For further information, please contact us via our contact form.We'll get back to you as soon as possible.","breadcrumb":{"@id":"https:\/\/sargassumdefenseconsulting.com\/contact\/#breadcrumb"},"inLanguage":"fr-FR","potentialAction":[{"@type":"ReadAction","target":["https:\/\/sargassumdefenseconsulting.com\/contact\/"]}]},{"@type":"ImageObject","inLanguage":"fr-FR","@id":"https:\/\/sargassumdefenseconsulting.com\/contact\/#primaryimage","url":"https:\/\/sargassumdefenseconsulting.com\/wp-content\/uploads\/2025\/02\/sdc-logo-couleur-1.webp","contentUrl":"https:\/\/sargassumdefenseconsulting.com\/wp-content\/uploads\/2025\/02\/sdc-logo-couleur-1.webp"},{"@type":"BreadcrumbList","@id":"https:\/\/sargassumdefenseconsulting.com\/contact\/#breadcrumb","itemListElement":[{"@type":"ListItem","position":1,"name":"Accueil","item":"https:\/\/sargassumdefenseconsulting.com\/"},{"@type":"ListItem","position":2,"name":"Contact"}]},{"@type":"WebSite","@id":"https:\/\/sargassumdefenseconsulting.com\/#website","url":"https:\/\/sargassumdefenseconsulting.com\/","name":"Sargassum Defense Consulting","description":"","publisher":{"@id":"https:\/\/sargassumdefenseconsulting.com\/#organization"},"potentialAction":[{"@type":"SearchAction","target":{"@type":"EntryPoint","urlTemplate":"https:\/\/sargassumdefenseconsulting.com\/?s={search_term_string}"},"query-input":{"@type":"PropertyValueSpecification","valueRequired":true,"valueName":"search_term_string"}}],"inLanguage":"fr-FR"},{"@type":"Organization","@id":"https:\/\/sargassumdefenseconsulting.com\/#organization","name":"Sargassum Defense Consulting","url":"https:\/\/sargassumdefenseconsulting.com\/","logo":{"@type":"ImageObject","inLanguage":"fr-FR","@id":"https:\/\/sargassumdefenseconsulting.com\/#\/schema\/logo\/image\/","url":"https:\/\/sargassumdefenseconsulting.com\/wp-content\/uploads\/2025\/02\/cropped-sdc-logo-couleur-1.webp","contentUrl":"https:\/\/sargassumdefenseconsulting.com\/wp-content\/uploads\/2025\/02\/cropped-sdc-logo-couleur-1.webp","width":580,"height":459,"caption":"Sargassum Defense Consulting"},"image":{"@id":"https:\/\/sargassumdefenseconsulting.com\/#\/schema\/logo\/image\/"}}]}},"uagb_featured_image_src":{"full":false,"thumbnail":false,"medium":false,"medium_large":false,"large":false,"1536x1536":false,"2048x2048":false,"trp-custom-language-flag":false},"uagb_author_info":{"display_name":"Denis JIMENEZ","author_link":"https:\/\/sargassumdefenseconsulting.com\/fr\/author\/denjisdc1961\/"},"uagb_comment_info":0,"uagb_excerpt":"Contact us For further information, please contact us via our contact form. We&#8217;ll get back to you as soon as possible. We offer unbiased expertise to guide you toward the most efficient, sustainable, and cost-effective protection strategies.","_links":{"self":[{"href":"https:\/\/sargassumdefenseconsulting.com\/fr\/wp-json\/wp\/v2\/pages\/119","targetHints":{"allow":["GET"]}}],"collection":[{"href":"https:\/\/sargassumdefenseconsulting.com\/fr\/wp-json\/wp\/v2\/pages"}],"about":[{"href":"https:\/\/sargassumdefenseconsulting.com\/fr\/wp-json\/wp\/v2\/types\/page"}],"author":[{"embeddable":true,"href":"https:\/\/sargassumdefenseconsulting.com\/fr\/wp-json\/wp\/v2\/users\/1"}],"replies":[{"embeddable":true,"href":"https:\/\/sargassumdefenseconsulting.com\/fr\/wp-json\/wp\/v2\/comments?post=119"}],"version-history":[{"count":19,"href":"https:\/\/sargassumdefenseconsulting.com\/fr\/wp-json\/wp\/v2\/pages\/119\/revisions"}],"predecessor-version":[{"id":536,"href":"https:\/\/sargassumdefenseconsulting.com\/fr\/wp-json\/wp\/v2\/pages\/119\/revisions\/536"}],"wp:attachment":[{"href":"https:\/\/sargassumdefenseconsulting.com\/fr\/wp-json\/wp\/v2\/media?parent=119"}],"curies":[{"name":"wp","href":"https:\/\/api.w.org\/{rel}","templated":true}]}}